{"id":48,"date":"2021-08-13T00:14:13","date_gmt":"2021-08-12T22:14:13","guid":{"rendered":"https:\/\/knetradio.livenetstudios.co.za\/?page_id=48"},"modified":"2026-04-17T20:56:08","modified_gmt":"2026-04-17T18:56:08","slug":"nsr-radio","status":"publish","type":"page","link":"https:\/\/knetradio.livenetstudios.co.za\/","title":{"rendered":"NSR"},"content":{"rendered":"\t\t<div data-elementor-type=\"wp-page\" data-elementor-id=\"48\" class=\"elementor elementor-48\" data-elementor-settings=\"[]\">\n\t\t\t\t\t\t\t<div class=\"elementor-section-wrap\">\n\t\t\t\t\t\t\t<section class=\"elementor-section elementor-top-section elementor-element elementor-element-e2ebd2e elementor-section-boxed elementor-section-height-default elementor-section-height-default\" data-id=\"e2ebd2e\" data-element_type=\"section\">\n\t\t\t\t\t\t<div class=\"elementor-container elementor-column-gap-default\">\n\t\t\t\t\t<div class=\"elementor-column elementor-col-100 elementor-top-column elementor-element elementor-element-0bfe431\" data-id=\"0bfe431\" data-element_type=\"column\">\n\t\t\t<div class=\"elementor-widget-wrap elementor-element-populated\">\n\t\t\t\t\t\t\t\t<div class=\"elementor-element elementor-element-4d53ed4 elementor-widget elementor-widget-image\" data-id=\"4d53ed4\" data-element_type=\"widget\" data-widget_type=\"image.default\">\n\t\t\t\t<div class=\"elementor-widget-container\">\n\t\t\t\t\t<div class=\"elementor-image\">\n\t\t\t\t\t\t\t\t\t\t<img loading=\"lazy\" decoding=\"async\" width=\"920\" height=\"221\" src=\"https:\/\/knetradio.livenetstudios.co.za\/wp-content\/uploads\/2022\/02\/knetv-radio-1024x246.png\" class=\"attachment-large size-large\" alt=\"\" srcset=\"https:\/\/knetradio.livenetstudios.co.za\/wp-content\/uploads\/2022\/02\/knetv-radio-1024x246.png 1024w, https:\/\/knetradio.livenetstudios.co.za\/wp-content\/uploads\/2022\/02\/knetv-radio-300x72.png 300w, https:\/\/knetradio.livenetstudios.co.za\/wp-content\/uploads\/2022\/02\/knetv-radio-768x184.png 768w, https:\/\/knetradio.livenetstudios.co.za\/wp-content\/uploads\/2022\/02\/knetv-radio-1536x368.png 1536w, https:\/\/knetradio.livenetstudios.co.za\/wp-content\/uploads\/2022\/02\/knetv-radio-2048x491.png 2048w\" sizes=\"auto, (max-width: 920px) 100vw, 920px\" \/>\t\t\t\t\t\t\t\t\t\t\t<\/div>\n\t\t\t\t<\/div>\n\t\t\t\t<\/div>\n\t\t\t\t\t<\/div>\n\t\t<\/div>\n\t\t\t\t\t\t\t<\/div>\n\t\t<\/section>\n\t\t\t\t<section class=\"elementor-section elementor-top-section elementor-element elementor-element-8ca07f1 elementor-section-boxed elementor-section-height-default elementor-section-height-default\" data-id=\"8ca07f1\" data-element_type=\"section\">\n\t\t\t\t\t\t<div class=\"elementor-container elementor-column-gap-default\">\n\t\t\t\t\t<div class=\"elementor-column elementor-col-100 elementor-top-column elementor-element elementor-element-ea8a816\" data-id=\"ea8a816\" data-element_type=\"column\">\n\t\t\t<div class=\"elementor-widget-wrap elementor-element-populated\">\n\t\t\t\t\t\t\t\t<div class=\"elementor-element elementor-element-8e533dd elementor-widget elementor-widget-wp_radio_player\" data-id=\"8e533dd\" data-element_type=\"widget\" data-widget_type=\"wp_radio_player.default\">\n\t\t\t\t<div class=\"elementor-widget-container\">\n\t\t\t\r\n<div  class=\"wp-radio-player shortcode \"  id=\"wp-radio-shortcode-player-575\"  >\r\n\r\n\r\n    <!--Details-->\r\n    <div class=\"wp-radio-player-details\">\r\n\r\n\t\t<a class=\"wp-radio-player-url \" href=\"https:\/\/knetradio.livenetstudios.co.za\/index.php\/station\/575\/\"><img decoding=\"async\" src=\"https:\/\/knetradio.livenetstudios.co.za\/wp-content\/plugins\/wp-radio\/assets\/images\/placeholder.jpg\" class=\"wp-radio-player-thumbnail\" alt=\"\"><\/a>\r\n\t\t<a href=\"https:\/\/knetradio.livenetstudios.co.za\/index.php\/station\/575\/\" class=\"wp-radio-player-url wp-radio-player-title \" title=\"\"><\/a>\r\n        <!--player status -->\r\n        <div class=\"player-status\">\r\n            <span class=\"status-text-live\">LIVE<\/span>\r\n            <span class=\"status-text-offline\">OFFLINE<\/span>\r\n            <span class=\"status-dot\"><\/span>\r\n        <\/div>\r\n\r\n        <!-- Now Playing -->\r\n        <div class=\"now-playing\">\r\n            <img decoding=\"async\" src=\"https:\/\/knetradio.livenetstudios.co.za\/wp-content\/plugins\/wp-radio\/assets\/images\/track-thumb.png\" class=\"track-img\" alt=\"track image\">\r\n            <marquee class=\"track-title\"><\/marquee>\r\n        <\/div>\r\n\r\n    <\/div>\r\n\r\n    <!--Controls-->\r\n    <div class=\"wp-radio-player-controls shortcode\">\r\n\r\n\t\t\r\n        <!--Play Pause Control-->\r\n        <div class=\"wp-radio-player-controls-tools\">\r\n\r\n\t\t\t\r\n\t\t\t<span class=\"wp-radio-player-prev dashicons dashicons-controls-skipback shortcode\" title=\"Previous\"> <\/span>\r\n\t        <span id=\"\" title=\"Play\" data-stream='{\"streamId\":575,\"title\":\"\",\"poster\":\"https:\\\/\\\/knetradio.livenetstudios.co.za\\\/wp-content\\\/plugins\\\/wp-radio\\\/assets\\\/images\\\/placeholder.jpg\",\"url\":\"https:\\\/\\\/knetradio.livenetstudios.co.za\\\/index.php\\\/station\\\/575\\\/\",\"src\":\"https:\\\/\\\/knetradio.livenetstudios.co.za\\\/index.php\\\/station\\\/575\\\/?play=1\"}' class=\"wp-radio-player-play-pause dashicons dashicons-controls-play\"> <\/span><div class=\"wp-radio-loader\">Loading...<\/div>\r\n\t\t\t<span class=\"wp-radio-player-next dashicons dashicons-controls-skipforward shortcode\" title=\"Next\"> <\/span>\r\n            <!--Volume Control-->\r\n            <div class=\"wp-radio-player-volume\" title=\"Volume\">\r\n\r\n                <div class=\"volume-icon\">\r\n                    <i class=\"dashicons dashicons-controls-volumeon\"><\/i>\r\n                    <i class=\"dashicons dashicons-controls-volumeoff\"><\/i>\r\n                <\/div>\r\n\r\n                <div class=\"volume-bar\">\r\n                    <input class=\"volume-bar-seek\" type=\"range\" min=\"0\" max=\"1\" step=\".05\" value=\"0\">\r\n                    <progress class=\"volume-bar-slide\" max=\"1\" value=\"0\" role=\"progressbar\"><\/progress>\r\n                <\/div>\r\n            <\/div>\r\n\r\n\r\n\t\t\t\r\n        <\/div>\r\n\r\n    <\/div>\r\n\r\n\t\r\n<\/div>\t\t<\/div>\n\t\t\t\t<\/div>\n\t\t\t\t\t<\/div>\n\t\t<\/div>\n\t\t\t\t\t\t\t<\/div>\n\t\t<\/section>\n\t\t\t\t<section class=\"elementor-section elementor-top-section elementor-element elementor-element-42d5925 elementor-section-boxed elementor-section-height-default elementor-section-height-default\" data-id=\"42d5925\" data-element_type=\"section\">\n\t\t\t\t\t\t<div class=\"elementor-container elementor-column-gap-default\">\n\t\t\t\t\t<div class=\"elementor-column elementor-col-100 elementor-top-column elementor-element elementor-element-3f1fe67\" data-id=\"3f1fe67\" data-element_type=\"column\">\n\t\t\t<div class=\"elementor-widget-wrap\">\n\t\t\t\t\t\t\t\t\t<\/div>\n\t\t<\/div>\n\t\t\t\t\t\t\t<\/div>\n\t\t<\/section>\n\t\t\t\t<section class=\"elementor-section elementor-top-section elementor-element elementor-element-7a94d49 elementor-section-boxed elementor-section-height-default elementor-section-height-default\" data-id=\"7a94d49\" data-element_type=\"section\">\n\t\t\t\t\t\t<div class=\"elementor-container elementor-column-gap-default\">\n\t\t\t\t\t<div class=\"elementor-column elementor-col-100 elementor-top-column elementor-element elementor-element-fd624f6\" data-id=\"fd624f6\" data-element_type=\"column\">\n\t\t\t<div class=\"elementor-widget-wrap\">\n\t\t\t\t\t\t\t\t\t<\/div>\n\t\t<\/div>\n\t\t\t\t\t\t\t<\/div>\n\t\t<\/section>\n\t\t\t\t<section class=\"elementor-section elementor-top-section elementor-element elementor-element-e090adc elementor-section-boxed elementor-section-height-default elementor-section-height-default\" data-id=\"e090adc\" data-element_type=\"section\">\n\t\t\t\t\t\t<div class=\"elementor-container elementor-column-gap-default\">\n\t\t\t\t\t<div class=\"elementor-column elementor-col-50 elementor-top-column elementor-element elementor-element-52d12d8\" data-id=\"52d12d8\" data-element_type=\"column\">\n\t\t\t<div class=\"elementor-widget-wrap elementor-element-populated\">\n\t\t\t\t\t\t\t\t<div class=\"elementor-element elementor-element-f4aedc8 elementor-widget elementor-widget-text-editor\" data-id=\"f4aedc8\" data-element_type=\"widget\" data-widget_type=\"text-editor.default\">\n\t\t\t\t<div class=\"elementor-widget-container\">\n\t\t\t\t\t<div class=\"elementor-text-editor elementor-clearfix\"><h2 style=\"text-align: center;\">LISTEN TO THE MUSIC\u00a0<\/h2><\/div>\n\t\t\t\t<\/div>\n\t\t\t\t<\/div>\n\t\t\t\t\t<\/div>\n\t\t<\/div>\n\t\t\t\t<div class=\"elementor-column elementor-col-50 elementor-top-column elementor-element elementor-element-2ba8f94\" data-id=\"2ba8f94\" data-element_type=\"column\">\n\t\t\t<div class=\"elementor-widget-wrap elementor-element-populated\">\n\t\t\t\t\t\t\t\t<div class=\"elementor-element elementor-element-88e20c8 elementor-widget elementor-widget-heading\" data-id=\"88e20c8\" data-element_type=\"widget\" data-widget_type=\"heading.default\">\n\t\t\t\t<div class=\"elementor-widget-container\">\n\t\t\t<h6 class=\"elementor-heading-title elementor-size-default\"><a href=\"mailto:diamondlipaz@gmail.com\">All rights reserved \u00a9 2022  Knet Radio App Developer ( EricKingLipaz ) <\/a><\/h6>\t\t<\/div>\n\t\t\t\t<\/div>\n\t\t\t\t\t<\/div>\n\t\t<\/div>\n\t\t\t\t\t\t\t<\/div>\n\t\t<\/section>\n\t\t\t\t<section class=\"elementor-section elementor-top-section elementor-element elementor-element-c57b10c elementor-section-boxed elementor-section-height-default elementor-section-height-default\" data-id=\"c57b10c\" data-element_type=\"section\">\n\t\t\t\t\t\t<div class=\"elementor-container elementor-column-gap-default\">\n\t\t\t\t\t<div class=\"elementor-column elementor-col-50 elementor-top-column elementor-element elementor-element-52d4a11\" data-id=\"52d4a11\" data-element_type=\"column\">\n\t\t\t<div class=\"elementor-widget-wrap elementor-element-populated\">\n\t\t\t\t\t\t\t\t<div class=\"elementor-element elementor-element-ff24a2f elementor-drop-cap-yes elementor-drop-cap-view-default elementor-widget elementor-widget-text-editor\" data-id=\"ff24a2f\" data-element_type=\"widget\" data-settings=\"{&quot;drop_cap&quot;:&quot;yes&quot;}\" data-widget_type=\"text-editor.default\">\n\t\t\t\t<div class=\"elementor-widget-container\">\n\t\t\t\t\t<div class=\"elementor-text-editor elementor-clearfix\"><\/div>\n\t\t\t\t<\/div>\n\t\t\t\t<\/div>\n\t\t\t\t\t<\/div>\n\t\t<\/div>\n\t\t\t\t<div class=\"elementor-column elementor-col-50 elementor-top-column elementor-element elementor-element-c820239\" data-id=\"c820239\" data-element_type=\"column\">\n\t\t\t<div class=\"elementor-widget-wrap elementor-element-populated\">\n\t\t\t\t\t\t\t\t<div class=\"elementor-element elementor-element-7d48a4e elementor-widget elementor-widget-text-editor\" data-id=\"7d48a4e\" data-element_type=\"widget\" data-widget_type=\"text-editor.default\">\n\t\t\t\t<div class=\"elementor-widget-container\">\n\t\t\t\t\t<div class=\"elementor-text-editor elementor-clearfix\"><\/div>\n\t\t\t\t<\/div>\n\t\t\t\t<\/div>\n\t\t\t\t\t<\/div>\n\t\t<\/div>\n\t\t\t\t\t\t\t<\/div>\n\t\t<\/section>\n\t\t\t\t<section class=\"elementor-section elementor-top-section elementor-element elementor-element-de30c02 elementor-section-boxed elementor-section-height-default elementor-section-height-default\" data-id=\"de30c02\" data-element_type=\"section\">\n\t\t\t\t\t\t<div class=\"elementor-container elementor-column-gap-default\">\n\t\t\t\t\t\t\t\t<\/div>\n\t\t<\/section>\n\t\t\t\t<section class=\"elementor-section elementor-top-section elementor-element elementor-element-dc172f5 elementor-section-boxed elementor-section-height-default elementor-section-height-default\" data-id=\"dc172f5\" data-element_type=\"section\">\n\t\t\t\t\t\t<div class=\"elementor-container elementor-column-gap-default\">\n\t\t\t\t\t\t\t\t<\/div>\n\t\t<\/section>\n\t\t\t\t\t\t<\/div>\n\t\t\t\t\t<\/div>\n\t\t","protected":false},"excerpt":{"rendered":"<p>sugar rush casino Tervetuliaisetu voi yll\u00e4tt\u00e4\u00e4 \u2013 kurkkaa shokki casino kotiutus ja vertaile bonuksia. Ajantasainen katsaus l\u00f6ytyy t\u00e4\u00e4lt\u00e4: pommi casino<\/p>\n<p><a href=\"https:\/\/knetradio.livenetstudios.co.za\/\" class=\"more-link\">Continue reading<span class=\"screen-reader-text\">NSR<\/span><\/a><\/p>\n","protected":false},"author":1,"featured_media":0,"parent":0,"menu_order":0,"comment_status":"closed","ping_status":"closed","template":"elementor_canvas","meta":{"footnotes":""},"class_list":["post-48","page","type-page","status-publish","hentry"],"_links":{"self":[{"href":"https:\/\/knetradio.livenetstudios.co.za\/index.php\/wp-json\/wp\/v2\/pages\/48","targetHints":{"allow":["GET"]}}],"collection":[{"href":"https:\/\/knetradio.livenetstudios.co.za\/index.php\/wp-json\/wp\/v2\/pages"}],"about":[{"href":"https:\/\/knetradio.livenetstudios.co.za\/index.php\/wp-json\/wp\/v2\/types\/page"}],"author":[{"embeddable":true,"href":"https:\/\/knetradio.livenetstudios.co.za\/index.php\/wp-json\/wp\/v2\/users\/1"}],"replies":[{"embeddable":true,"href":"https:\/\/knetradio.livenetstudios.co.za\/index.php\/wp-json\/wp\/v2\/comments?post=48"}],"version-history":[{"count":584,"href":"https:\/\/knetradio.livenetstudios.co.za\/index.php\/wp-json\/wp\/v2\/pages\/48\/revisions"}],"predecessor-version":[{"id":110784,"href":"https:\/\/knetradio.livenetstudios.co.za\/index.php\/wp-json\/wp\/v2\/pages\/48\/revisions\/110784"}],"wp:attachment":[{"href":"https:\/\/knetradio.livenetstudios.co.za\/index.php\/wp-json\/wp\/v2\/media?parent=48"}],"curies":[{"name":"wp","href":"https:\/\/api.w.org\/{rel}","templated":true}]}}